{"id":2,"date":"2023-11-01T12:06:30","date_gmt":"2023-11-01T11:06:30","guid":{"rendered":"http:\/\/dkosqyo.cluster028.hosting.ovh.net\/?page_id=2"},"modified":"2026-03-04T15:02:08","modified_gmt":"2026-03-04T14:02:08","slug":"page-d-exemple","status":"publish","type":"page","link":"https:\/\/www.diceanddrink.fr\/index.php\/page-d-exemple\/","title":{"rendered":"Boutique"},"content":{"rendered":"\n<p>Au Dice and Drink, nous vous proposons \u00e9galement un service boutique, sur place. Vous y retrouverez des jeux, des accessoires de jeu (d\u00e9s, tapis de jeux,etc.) et des cartes \u00e0 jouer et \u00e0 collectionner (Magic, Lorcana, etc.) !<br><br>Tous les prix sont disponibles sur place, ou par simple demande, par <a href=\"mailto:contact@diceanddrink.fr\">mail<\/a> ou au <a href=\"tel:0557884284\">t\u00e9l\u00e9phone<\/a>.<\/p>\n\n\n\n<p><strong>Produits Magic : The Gathering<\/strong><\/p>\n\n\n\n<figure class=\"wp-block-image size-full is-resized\"><img loading=\"lazy\" decoding=\"async\" width=\"808\" height=\"253\" src=\"https:\/\/www.diceanddrink.fr\/wp-content\/uploads\/2025\/06\/MTG_Primary_LL_MD_V13.png\" alt=\"\" class=\"wp-image-668\" style=\"width:1200px;height:auto\" srcset=\"https:\/\/www.diceanddrink.fr\/wp-content\/uploads\/2025\/06\/MTG_Primary_LL_MD_V13.png 808w, https:\/\/www.diceanddrink.fr\/wp-content\/uploads\/2025\/06\/MTG_Primary_LL_MD_V13-300x94.png 300w, https:\/\/www.diceanddrink.fr\/wp-content\/uploads\/2025\/06\/MTG_Primary_LL_MD_V13-768x240.png 768w\" sizes=\"auto, (max-width: 808px) 100vw, 808px\" \/><\/figure>\n\n\n\n<ul class=\"wp-block-list\">\n<li>Boosters de jeu \/ Boosters collector &#8211; <strong>FR<\/strong><\/li>\n\n\n\n<li>Bundles \/ Kits Avant-Premi\u00e8re &#8211; <strong>FR<\/strong><\/li>\n\n\n\n<li>Decks Commander pr\u00e9construits &#8211; <strong>FR et ENG<\/strong><\/li>\n\n\n\n<li>Accessoires d\u00e9di\u00e9s (sleeves, tapis, etc.)<\/li>\n\n\n\n<li>Cartes \u00e0 l&rsquo;unit\u00e9 : En classeurs \u00e0 la boutique ou sur <a href=\"https:\/\/www.cardmarket.com\/fr\/Magic\/Users\/Dice-and-Drink\">https:\/\/www.cardmarket.com\/fr\/Magic\/Users\/Dice-and-Drink<\/a><\/li>\n<\/ul>\n\n\n\n<p><strong>Produits Lorcana<\/strong><\/p>\n\n\n\n<figure class=\"wp-block-image size-full is-resized\"><img loading=\"lazy\" decoding=\"async\" width=\"2400\" height=\"1019\" src=\"https:\/\/www.diceanddrink.fr\/wp-content\/uploads\/2025\/08\/FjKdvSbk7zfiPHQSkoSA.webp\" alt=\"\" class=\"wp-image-702\" style=\"width:1199px;height:auto\" srcset=\"https:\/\/www.diceanddrink.fr\/wp-content\/uploads\/2025\/08\/FjKdvSbk7zfiPHQSkoSA.webp 2400w, https:\/\/www.diceanddrink.fr\/wp-content\/uploads\/2025\/08\/FjKdvSbk7zfiPHQSkoSA-300x127.webp 300w, https:\/\/www.diceanddrink.fr\/wp-content\/uploads\/2025\/08\/FjKdvSbk7zfiPHQSkoSA-1024x435.webp 1024w, https:\/\/www.diceanddrink.fr\/wp-content\/uploads\/2025\/08\/FjKdvSbk7zfiPHQSkoSA-768x326.webp 768w, https:\/\/www.diceanddrink.fr\/wp-content\/uploads\/2025\/08\/FjKdvSbk7zfiPHQSkoSA-1536x652.webp 1536w, https:\/\/www.diceanddrink.fr\/wp-content\/uploads\/2025\/08\/FjKdvSbk7zfiPHQSkoSA-2048x870.webp 2048w\" sizes=\"auto, (max-width: 2400px) 100vw, 2400px\" \/><\/figure>\n\n\n\n<ul class=\"wp-block-list\">\n<li>Boosters<\/li>\n\n\n\n<li>Trove Packs<\/li>\n\n\n\n<li>Decks de d\u00e9marrage<\/li>\n\n\n\n<li>Coffrets<\/li>\n\n\n\n<li>Accessoires d\u00e9di\u00e9s (tapis, etc.)<\/li>\n<\/ul>\n\n\n\n<p><strong>Produits Altered<\/strong><\/p>\n\n\n\n<figure class=\"wp-block-image size-full is-resized\"><img loading=\"lazy\" decoding=\"async\" width=\"600\" height=\"338\" src=\"https:\/\/www.diceanddrink.fr\/wp-content\/uploads\/2025\/08\/Altered-logo.webp\" alt=\"\" class=\"wp-image-697\" style=\"width:1200px;height:auto\" srcset=\"https:\/\/www.diceanddrink.fr\/wp-content\/uploads\/2025\/08\/Altered-logo.webp 600w, https:\/\/www.diceanddrink.fr\/wp-content\/uploads\/2025\/08\/Altered-logo-300x169.webp 300w\" sizes=\"auto, (max-width: 600px) 100vw, 600px\" \/><\/figure>\n\n\n\n<ul class=\"wp-block-list\">\n<li>Boosters<\/li>\n\n\n\n<li>Decks de d\u00e9marrage<\/li>\n\n\n\n<li>Accessoires d\u00e9di\u00e9s (sleeves, tapis, etc.)<\/li>\n<\/ul>\n\n\n\n<p><strong>Produits Riftbound<\/strong><\/p>\n\n\n\n<figure class=\"wp-block-gallery has-nested-images columns-default is-cropped wp-block-gallery-1 is-layout-flex wp-block-gallery-is-layout-flex\">\n<figure class=\"wp-block-image size-large\"><img loading=\"lazy\" decoding=\"async\" width=\"1024\" height=\"449\" data-id=\"703\" src=\"https:\/\/www.diceanddrink.fr\/wp-content\/uploads\/2025\/08\/23d41c7809a48a013f3d8a7204b81fb4d8bdb164-10000x4389-1-1024x449.png\" alt=\"\" class=\"wp-image-703\" srcset=\"https:\/\/www.diceanddrink.fr\/wp-content\/uploads\/2025\/08\/23d41c7809a48a013f3d8a7204b81fb4d8bdb164-10000x4389-1-1024x449.png 1024w, https:\/\/www.diceanddrink.fr\/wp-content\/uploads\/2025\/08\/23d41c7809a48a013f3d8a7204b81fb4d8bdb164-10000x4389-1-300x132.png 300w, https:\/\/www.diceanddrink.fr\/wp-content\/uploads\/2025\/08\/23d41c7809a48a013f3d8a7204b81fb4d8bdb164-10000x4389-1-768x337.png 768w, https:\/\/www.diceanddrink.fr\/wp-content\/uploads\/2025\/08\/23d41c7809a48a013f3d8a7204b81fb4d8bdb164-10000x4389-1-1536x674.png 1536w, https:\/\/www.diceanddrink.fr\/wp-content\/uploads\/2025\/08\/23d41c7809a48a013f3d8a7204b81fb4d8bdb164-10000x4389-1-2048x899.png 2048w\" sizes=\"auto, (max-width: 1024px) 100vw, 1024px\" \/><\/figure>\n<\/figure>\n\n\n\n<ul class=\"wp-block-list\">\n<li>Boosters de jeu<\/li>\n\n\n\n<li>Accessoires d\u00e9di\u00e9s (sleeves, tapis de jeu, etc.)<\/li>\n<\/ul>\n\n\n\n<p><strong>Produits RISE TCG<\/strong><\/p>\n\n\n\n<figure class=\"wp-block-image size-full\"><img loading=\"lazy\" decoding=\"async\" width=\"919\" height=\"213\" src=\"https:\/\/www.diceanddrink.fr\/wp-content\/uploads\/2026\/03\/logo_colorX-1_-_Modifie.png\" alt=\"\" class=\"wp-image-801\" srcset=\"https:\/\/www.diceanddrink.fr\/wp-content\/uploads\/2026\/03\/logo_colorX-1_-_Modifie.png 919w, https:\/\/www.diceanddrink.fr\/wp-content\/uploads\/2026\/03\/logo_colorX-1_-_Modifie-300x70.png 300w, https:\/\/www.diceanddrink.fr\/wp-content\/uploads\/2026\/03\/logo_colorX-1_-_Modifie-768x178.png 768w\" sizes=\"auto, (max-width: 919px) 100vw, 919px\" \/><\/figure>\n\n\n\n<ul class=\"wp-block-list\">\n<li>Boosters de jeu \/ Boosters collector<\/li>\n\n\n\n<li>Decks pr\u00e9construits<\/li>\n<\/ul>\n\n\n\n<p><strong>Produits Naruto Mythos<\/strong><\/p>\n\n\n\n<figure class=\"wp-block-image size-large\"><img loading=\"lazy\" decoding=\"async\" width=\"1024\" height=\"517\" src=\"https:\/\/www.diceanddrink.fr\/wp-content\/uploads\/2026\/03\/Naruto_Mythos_2b235cc7-2cf6-4936-b060-8061312232e1-1024x517.webp\" alt=\"\" class=\"wp-image-802\" srcset=\"https:\/\/www.diceanddrink.fr\/wp-content\/uploads\/2026\/03\/Naruto_Mythos_2b235cc7-2cf6-4936-b060-8061312232e1-1024x517.webp 1024w, https:\/\/www.diceanddrink.fr\/wp-content\/uploads\/2026\/03\/Naruto_Mythos_2b235cc7-2cf6-4936-b060-8061312232e1-300x152.webp 300w, https:\/\/www.diceanddrink.fr\/wp-content\/uploads\/2026\/03\/Naruto_Mythos_2b235cc7-2cf6-4936-b060-8061312232e1-768x388.webp 768w, https:\/\/www.diceanddrink.fr\/wp-content\/uploads\/2026\/03\/Naruto_Mythos_2b235cc7-2cf6-4936-b060-8061312232e1-1536x776.webp 1536w, https:\/\/www.diceanddrink.fr\/wp-content\/uploads\/2026\/03\/Naruto_Mythos_2b235cc7-2cf6-4936-b060-8061312232e1.webp 1880w\" sizes=\"auto, (max-width: 1024px) 100vw, 1024px\" \/><\/figure>\n\n\n\n<ul class=\"wp-block-list\">\n<li>Boosters de jeu &#8211;<strong> FR<\/strong><\/li>\n\n\n\n<li>Decks de d\u00e9marrage &#8211; <strong>FR<\/strong><\/li>\n<\/ul>\n\n\n\n<p><strong>Accessoires de jeu<\/strong><\/p>\n\n\n\n<figure class=\"wp-block-image size-full is-resized\"><img loading=\"lazy\" decoding=\"async\" width=\"800\" height=\"300\" src=\"https:\/\/www.diceanddrink.fr\/wp-content\/uploads\/2026\/03\/Test_-_1_-_Modifie.png\" alt=\"\" class=\"wp-image-800\" style=\"width:1200px;height:auto\" srcset=\"https:\/\/www.diceanddrink.fr\/wp-content\/uploads\/2026\/03\/Test_-_1_-_Modifie.png 800w, https:\/\/www.diceanddrink.fr\/wp-content\/uploads\/2026\/03\/Test_-_1_-_Modifie-300x113.png 300w, https:\/\/www.diceanddrink.fr\/wp-content\/uploads\/2026\/03\/Test_-_1_-_Modifie-768x288.png 768w\" sizes=\"auto, (max-width: 800px) 100vw, 800px\" \/><\/figure>\n\n\n\n<ul class=\"wp-block-list\">\n<li>Sleeves \/ Sleeves int\u00e9rieures \u00ab\u00a0Perfect Fit\u00a0\u00bb, prot\u00e8ge-cartes<\/li>\n\n\n\n<li>D\u00e9s de jeu de r\u00f4le<\/li>\n\n\n\n<li>Playmats, tapis de jeu vari\u00e9s<\/li>\n\n\n\n<li>Deckbox, bo\u00eetes de rangement de cartes de toutes tailles et capacit\u00e9s<\/li>\n\n\n\n<li>Classeurs pour cartes<\/li>\n<\/ul>\n\n\n\n<p><\/p>\n","protected":false},"excerpt":{"rendered":"<p>Au Dice and Drink, nous vous proposons \u00e9galement un service boutique, sur place. Vous y retrouverez des jeux, des accessoires de jeu (d\u00e9s, tapis de jeux,etc.) et des cartes \u00e0 [&hellip;]<\/p>\n","protected":false},"author":1,"featured_media":0,"parent":0,"menu_order":0,"comment_status":"closed","ping_status":"open","template":"","meta":{"site-sidebar-layout":"default","site-content-layout":"","ast-site-content-layout":"default","site-content-style":"default","site-sidebar-style":"default","ast-global-header-display":"","ast-banner-title-visibility":"","ast-main-header-display":"","ast-hfb-above-header-display":"","ast-hfb-below-header-display":"","ast-hfb-mobile-header-display":"","site-post-title":"","ast-breadcrumbs-content":"","ast-featured-img":"","footer-sml-layout":"","ast-disable-related-posts":"","theme-transparent-header-meta":"","adv-header-id-meta":"","stick-header-meta":"","header-above-stick-meta":"","header-main-stick-meta":"","header-below-stick-meta":"","astra-migrate-meta-layouts":"default","ast-page-background-enabled":"default","ast-page-background-meta":{"desktop":{"background-color":"var(--ast-global-color-4)","background-image":"","background-repeat":"repeat","background-position":"center center","background-size":"auto","background-attachment":"scroll","background-type":"","background-media":"","overlay-type":"","overlay-color":"","overlay-opacity":"","overlay-gradient":""},"tablet":{"background-color":"","background-image":"","background-repeat":"repeat","background-position":"center center","background-size":"auto","background-attachment":"scroll","background-type":"","background-media":"","overlay-type":"","overlay-color":"","overlay-opacity":"","overlay-gradient":""},"mobile":{"background-color":"","background-image":"","background-repeat":"repeat","background-position":"center center","background-size":"auto","background-attachment":"scroll","background-type":"","background-media":"","overlay-type":"","overlay-color":"","overlay-opacity":"","overlay-gradient":""}},"ast-content-background-meta":{"desktop":{"background-color":"var(--ast-global-color-5)","background-image":"","background-repeat":"repeat","background-position":"center center","background-size":"auto","background-attachment":"scroll","background-type":"","background-media":"","overlay-type":"","overlay-color":"","overlay-opacity":"","overlay-gradient":""},"tablet":{"background-color":"var(--ast-global-color-5)","background-image":"","background-repeat":"repeat","background-position":"center center","background-size":"auto","background-attachment":"scroll","background-type":"","background-media":"","overlay-type":"","overlay-color":"","overlay-opacity":"","overlay-gradient":""},"mobile":{"background-color":"var(--ast-global-color-5)","background-image":"","background-repeat":"repeat","background-position":"center center","background-size":"auto","background-attachment":"scroll","background-type":"","background-media":"","overlay-type":"","overlay-color":"","overlay-opacity":"","overlay-gradient":""}},"footnotes":""},"class_list":["post-2","page","type-page","status-publish","hentry"],"_links":{"self":[{"href":"https:\/\/www.diceanddrink.fr\/index.php\/wp-json\/wp\/v2\/pages\/2","targetHints":{"allow":["GET"]}}],"collection":[{"href":"https:\/\/www.diceanddrink.fr\/index.php\/wp-json\/wp\/v2\/pages"}],"about":[{"href":"https:\/\/www.diceanddrink.fr\/index.php\/wp-json\/wp\/v2\/types\/page"}],"author":[{"embeddable":true,"href":"https:\/\/www.diceanddrink.fr\/index.php\/wp-json\/wp\/v2\/users\/1"}],"replies":[{"embeddable":true,"href":"https:\/\/www.diceanddrink.fr\/index.php\/wp-json\/wp\/v2\/comments?post=2"}],"version-history":[{"count":34,"href":"https:\/\/www.diceanddrink.fr\/index.php\/wp-json\/wp\/v2\/pages\/2\/revisions"}],"predecessor-version":[{"id":809,"href":"https:\/\/www.diceanddrink.fr\/index.php\/wp-json\/wp\/v2\/pages\/2\/revisions\/809"}],"wp:attachment":[{"href":"https:\/\/www.diceanddrink.fr\/index.php\/wp-json\/wp\/v2\/media?parent=2"}],"curies":[{"name":"wp","href":"https:\/\/api.w.org\/{rel}","templated":true}]}}